{"id":27,"date":"2016-06-13T00:56:23","date_gmt":"2016-06-13T00:56:23","guid":{"rendered":"http:\/\/www.bvkab.se\/?page_id=27"},"modified":"2018-01-11T10:42:04","modified_gmt":"2018-01-11T10:42:04","slug":"design","status":"publish","type":"page","link":"https:\/\/www.bvkab.se\/en\/design\/","title":{"rendered":"Design"},"content":{"rendered":"<table width=\"916\">\n<tbody>\n<tr>\n<td colspan=\"3\"><strong>Design<\/strong><\/td>\n<td rowspan=\"2\"><\/td>\n<\/tr>\n<tr>\n<td width=\"376\">Det f\u00f6rsta vi g\u00f6r att vi diskuterar fram behovet samt omfattning och vilket typ av bevattnings system som de t\u00e4nkt anv\u00e4nda sig av. N\u00e4sta steg \u00e4r att kolla vad kunden har t\u00e4nkt sig f\u00f6r prislapp p\u00e5 anl\u00e4ggningen. D\u00e4refter designar vi en f\u00f6rhandsritning s\u00e5 vi kan diskuterar lite detaljer samt eventuella synpunkter, detta f\u00f6r att kunden ska vara delaktig i design arbetet.<\/p>\n<p>Ritningar samt detaljritningar enligt \u00f6nskem\u00e5l.<\/p>\n<p>Some points that give an excellent result when the facility is built.<\/p>\n<p>\u2022\u00a0Design av experter p\u00e5 omr\u00e5det<br \/>\n\u2022\u00a0Databaserade ritningar<br \/>\n\u2022\u00a0Bra redovisat material<br \/>\n\u2022\u00a0Bra arbetsledning<\/p>\n<p>Har kund synpunkter p\u00e5 vilket m\u00e4rke som \u00f6nskas s\u00e5 ritar vi givetvis in detta m\u00e4rke.<\/p>\n<p>Vi utf\u00f6r bevattningsdesign av alla t\u00e4nkbar anl\u00e4ggningar.<\/td>\n<td width=\"20\"><\/td>\n<td width=\"246\">H\u00e4r finner Ni n\u00e5gra typer anl\u00e4ggningar vi konstruerat.<\/p>\n<p>\u2022\u00a0Fotbollsplaner<br \/>\n\u2022\u00a0Golfbanor<br \/>\n\u2022\u00a0Kyrkog\u00e5rdar<br \/>\n\u2022\u00a0Lakvattensbevattning<br \/>\n\u2022\u00a0Motorbanor<br \/>\n\u2022\u00a0Offentliga planteringar<br \/>\n\u2022\u00a0Offentliga font\u00e4ner<br \/>\n\u2022\u00a0Parker<br \/>\n\u2022\u00a0Ridsportsanl\u00e4ggningar<br \/>\n\u2022\u00a0Tennisplaner<br \/>\n\u2022\u00a0Timmerbevattning<br \/>\n\u2022\u00a0Tr\u00e4dg\u00e5rdar<br \/>\n\u2022\u00a0Tr\u00e4dg\u00e5rds font\u00e4ner<\/p>\n<p>&nbsp;<\/td>\n<\/tr>\n<\/tbody>\n<\/table>","protected":false},"excerpt":{"rendered":"<p>Design Det f\u00f6rsta vi g\u00f6r att vi diskuterar fram behovet samt omfattning och vilket typ av bevattnings system som de t\u00e4nkt anv\u00e4nda sig av. N\u00e4sta steg \u00e4r att kolla vad kunden har t\u00e4nkt sig f\u00f6r prislapp p\u00e5 anl\u00e4ggningen. D\u00e4refter designar vi en f\u00f6rhandsritning s\u00e5 vi kan diskuterar lite detaljer samt eventuella synpunkter, detta f\u00f6r att&hellip;&nbsp;<a href=\"https:\/\/www.bvkab.se\/en\/design\/\" rel=\"bookmark\">Read More &raquo;<span class=\"screen-reader-text\">Design<\/span><\/a><\/p>","protected":false},"author":3,"featured_media":0,"parent":0,"menu_order":0,"comment_status":"closed","ping_status":"closed","template":"template-fullwidth.php","meta":{"om_disable_all_campaigns":false,"_monsterinsights_skip_tracking":false,"_monsterinsights_sitenote_active":false,"_monsterinsights_sitenote_note":"","_monsterinsights_sitenote_category":0,"_uf_show_specific_survey":0,"_uf_disable_surveys":false,"neve_meta_sidebar":"","neve_meta_container":"","neve_meta_enable_content_width":"","neve_meta_content_width":0,"neve_meta_title_alignment":"","neve_meta_author_avatar":"","neve_post_elements_order":"","neve_meta_disable_header":"","neve_meta_disable_footer":"","neve_meta_disable_title":"","_themeisle_gutenberg_block_has_review":false,"footnotes":""},"class_list":["post-27","page","type-page","status-publish","hentry"],"aioseo_notices":[],"_links":{"self":[{"href":"https:\/\/www.bvkab.se\/en\/wp-json\/wp\/v2\/pages\/27","targetHints":{"allow":["GET"]}}],"collection":[{"href":"https:\/\/www.bvkab.se\/en\/wp-json\/wp\/v2\/pages"}],"about":[{"href":"https:\/\/www.bvkab.se\/en\/wp-json\/wp\/v2\/types\/page"}],"author":[{"embeddable":true,"href":"https:\/\/www.bvkab.se\/en\/wp-json\/wp\/v2\/users\/3"}],"replies":[{"embeddable":true,"href":"https:\/\/www.bvkab.se\/en\/wp-json\/wp\/v2\/comments?post=27"}],"version-history":[{"count":0,"href":"https:\/\/www.bvkab.se\/en\/wp-json\/wp\/v2\/pages\/27\/revisions"}],"wp:attachment":[{"href":"https:\/\/www.bvkab.se\/en\/wp-json\/wp\/v2\/media?parent=27"}],"curies":[{"name":"wp","href":"https:\/\/api.w.org\/{rel}","templated":true}]}}