{"id":60,"date":"2016-11-10T08:44:23","date_gmt":"2016-11-10T08:44:23","guid":{"rendered":"http:\/\/www.bvkab.se\/?page_id=60"},"modified":"2018-01-11T09:15:53","modified_gmt":"2018-01-11T09:15:53","slug":"utbildning","status":"publish","type":"page","link":"https:\/\/www.bvkab.se\/en\/utbildning\/","title":{"rendered":"Training"},"content":{"rendered":"<div id=\"pl-60\"  class=\"panel-layout\" ><div id=\"pg-60-0\"  class=\"panel-grid panel-no-style\" ><div id=\"pgc-60-0-0\"  class=\"panel-grid-cell\" ><div id=\"panel-60-0-0-0\" class=\"so-panel widget widget_sow-editor panel-first-child panel-last-child\" data-index=\"0\" ><div\n\t\t\t\n\t\t\tclass=\"so-widget-sow-editor so-widget-sow-editor-base\"\n\t\t\t\n\t\t>\n<div class=\"siteorigin-widget-tinymce textwidget\">\n\t<p>Training<\/p>\n<p>BVK Bevattningskonsult AB har under l\u00e5ng tid erbjudit kurser, Vi erbjuder \u00e4ven special utvecklade kurser, d\u00e4r vi anv\u00e4nder oss av f\u00f6retagets expertkompetens.<br \/> Vi har \u00e4ven m\u00f6jlighet att erbjuda utbildning i f\u00f6ljande.<\/p>\n<p>\u2022 Vattenteknik<br \/> \u2022 Design av system<br \/> \u2022 Sk\u00f6tsel av anl\u00e4ggningen<br \/> \u2022 Besiktning av anl\u00e4ggningen<br \/> \u2022 Bevattningskomponenter<\/p>\n<\/div>\n<\/div><\/div><\/div><\/div><\/div>","protected":false},"excerpt":{"rendered":"<p>UtbildningBVK Bevattningskonsult AB har under l\u00e5ng tid erbjudit kurser, Vi erbjuder \u00e4ven special utvecklade kurser, d\u00e4r vi anv\u00e4nder oss av f\u00f6retagets expertkompetens. Vi har \u00e4ven m\u00f6jlighet att erbjuda utbildning i f\u00f6ljande.\u2022 Vattenteknik \u2022 Design av system \u2022 Sk\u00f6tsel av anl\u00e4ggningen \u2022 Besiktning av anl\u00e4ggningen \u2022 Bevattningskomponenter<\/p>","protected":false},"author":3,"featured_media":0,"parent":0,"menu_order":0,"comment_status":"closed","ping_status":"closed","template":"template-fullwidth.php","meta":{"om_disable_all_campaigns":false,"_monsterinsights_skip_tracking":false,"_monsterinsights_sitenote_active":false,"_monsterinsights_sitenote_note":"","_monsterinsights_sitenote_category":0,"_uf_show_specific_survey":0,"_uf_disable_surveys":false,"neve_meta_sidebar":"","neve_meta_container":"","neve_meta_enable_content_width":"","neve_meta_content_width":0,"neve_meta_title_alignment":"","neve_meta_author_avatar":"","neve_post_elements_order":"","neve_meta_disable_header":"","neve_meta_disable_footer":"","neve_meta_disable_title":"","_themeisle_gutenberg_block_has_review":false,"footnotes":""},"class_list":["post-60","page","type-page","status-publish","hentry"],"aioseo_notices":[],"_links":{"self":[{"href":"https:\/\/www.bvkab.se\/en\/wp-json\/wp\/v2\/pages\/60","targetHints":{"allow":["GET"]}}],"collection":[{"href":"https:\/\/www.bvkab.se\/en\/wp-json\/wp\/v2\/pages"}],"about":[{"href":"https:\/\/www.bvkab.se\/en\/wp-json\/wp\/v2\/types\/page"}],"author":[{"embeddable":true,"href":"https:\/\/www.bvkab.se\/en\/wp-json\/wp\/v2\/users\/3"}],"replies":[{"embeddable":true,"href":"https:\/\/www.bvkab.se\/en\/wp-json\/wp\/v2\/comments?post=60"}],"version-history":[{"count":0,"href":"https:\/\/www.bvkab.se\/en\/wp-json\/wp\/v2\/pages\/60\/revisions"}],"wp:attachment":[{"href":"https:\/\/www.bvkab.se\/en\/wp-json\/wp\/v2\/media?parent=60"}],"curies":[{"name":"wp","href":"https:\/\/api.w.org\/{rel}","templated":true}]}}